{"id":987509668,"date":"2023-11-03T10:23:13","date_gmt":"2023-11-03T09:23:13","guid":{"rendered":"https:\/\/www.orangutan.studio\/en\/?page_id=987509668"},"modified":"2024-09-20T15:02:54","modified_gmt":"2024-09-20T13:02:54","slug":"contact","status":"publish","type":"page","link":"https:\/\/www.orangutan.studio\/en\/contact\/","title":{"rendered":"Contact"},"content":{"rendered":"<p>[et_pb_section fb_built=&#8221;1&#8243; custom_padding_last_edited=&#8221;on|phone&#8221; admin_label=&#8221;Header&#8221; _builder_version=&#8221;4.23.2&#8243; _module_preset=&#8221;default&#8221; background_color=&#8221;#000000&#8243; background_image=&#8221;https:\/\/www.orangutan.studio\/en\/wp-content\/uploads\/2023\/12\/back555.png&#8221; parallax=&#8221;on&#8221; custom_padding=&#8221;85px||90px||false|false&#8221; custom_padding_tablet=&#8221;85px||90px||false|false&#8221; custom_padding_phone=&#8221;59px||69px||false|false&#8221; background_last_edited=&#8221;on|tablet&#8221; background_image_tablet=&#8221;https:\/\/www.orangutan.studio\/en\/wp-content\/uploads\/2023\/12\/sst2.png&#8221; background_image_phone=&#8221;https:\/\/www.orangutan.studio\/en\/wp-content\/uploads\/2023\/12\/mobile-pp1.png&#8221; background_enable_image_tablet=&#8221;on&#8221; background_enable_image_phone=&#8221;on&#8221; collapsed=&#8221;on&#8221; global_colors_info=&#8221;{}&#8221;][et_pb_row _builder_version=&#8221;4.23.1&#8243; _module_preset=&#8221;default&#8221; background_color_phone=&#8221;rgba(0,0,0,0.75)&#8221; background_last_edited=&#8221;on|phone&#8221; background_enable_color_phone=&#8221;on&#8221; global_colors_info=&#8221;{}&#8221;][et_pb_column type=&#8221;4_4&#8243; _builder_version=&#8221;4.22.0&#8243; _module_preset=&#8221;default&#8221; global_colors_info=&#8221;{}&#8221;][et_pb_text _builder_version=&#8221;4.27.0&#8243; _module_preset=&#8221;default&#8221; header_font=&#8221;Poppins|500||on|||||&#8221; header_text_color=&#8221;#FFFFFF&#8221; header_font_size=&#8221;44px&#8221; header_letter_spacing=&#8221;5px&#8221; header_line_height=&#8221;1.1em&#8221; custom_margin=&#8221;||-5px||false|false&#8221; custom_margin_tablet=&#8221;||6px|||&#8221; custom_margin_phone=&#8221;||1px||false|false&#8221; custom_margin_last_edited=&#8221;on|phone&#8221; animation_style=&#8221;slide&#8221; animation_direction=&#8221;bottom&#8221; animation_duration=&#8221;1400ms&#8221; header_font_size_tablet=&#8221;53px&#8221; header_font_size_phone=&#8221;34px&#8221; header_font_size_last_edited=&#8221;on|phone&#8221; global_colors_info=&#8221;{}&#8221;]<\/p>\n<h1 style=\"text-align: center;\">Contact Us<\/h1>\n<p>[\/et_pb_text][\/et_pb_column][\/et_pb_row][\/et_pb_section][et_pb_section fb_built=&#8221;1&#8243; _builder_version=&#8221;4.23.1&#8243; _module_preset=&#8221;default&#8221; background_image=&#8221;https:\/\/www.orangutan.studio\/en\/wp-content\/uploads\/2023\/12\/visit-the-future-1.png&#8221; parallax=&#8221;on&#8221; global_colors_info=&#8221;{}&#8221;][et_pb_row column_structure=&#8221;1_3,1_3,1_3&#8243; use_custom_gutter=&#8221;on&#8221; gutter_width=&#8221;2&#8243; custom_padding_last_edited=&#8221;on|tablet&#8221; _builder_version=&#8221;4.26.0&#8243; _module_preset=&#8221;default&#8221; background_color=&#8221;gcid-4ec0d9da-fa81-4f53-92b0-fdf0ad79d22e&#8221; width=&#8221;90%&#8221; width_tablet=&#8221;90%&#8221; width_phone=&#8221;90%&#8221; width_last_edited=&#8221;on|phone&#8221; max_width=&#8221;1280px&#8221; custom_margin=&#8221;||30px||false|false&#8221; custom_padding=&#8221;60px|7vw|60px|7vw|true|true&#8221; custom_padding_tablet=&#8221;30px|30px|30px|30px|true|true&#8221; custom_padding_phone=&#8221;20px|20px|20px|20px|true|true&#8221; animation_style=&#8221;slide&#8221; animation_direction=&#8221;bottom&#8221; box_shadow_style=&#8221;preset1&#8243; box_shadow_color=&#8221;rgba(109,109,109,0.18)&#8221; global_colors_info=&#8221;{%22gcid-4ec0d9da-fa81-4f53-92b0-fdf0ad79d22e%22:%91%22background_color%22%93}&#8221;][et_pb_column type=&#8221;1_3&#8243; _builder_version=&#8221;4.26.0&#8243; _module_preset=&#8221;default&#8221; global_colors_info=&#8221;{}&#8221;][et_pb_blurb title=&#8221;Adress&#8221; url=&#8221;tel:+421000000000&#8243; use_icon=&#8221;on&#8221; font_icon=&#8221;&#xf3c5;||fa||900&#8243; image_icon_width=&#8221;20px&#8221; _builder_version=&#8221;4.27.0&#8243; _module_preset=&#8221;8ef8d280-f20f-406c-bc73-c07127787632&#8243; header_font=&#8221;Poppins|600||on|||||&#8221; header_text_color=&#8221;#000000&#8243; body_font=&#8221;Poppins||||||||&#8221; body_text_color=&#8221;#000000&#8243; body_link_text_color=&#8221;gcid-f8a81bcb-7a6c-4824-875d-1e4bcf05cdd1&#8243; image_icon_custom_padding=&#8221;7px|9px|7px|9px|true|true&#8221; transform_translate_linked__hover=&#8221;off&#8221; custom_padding=&#8221;||||false|false&#8221; animation_style=&#8221;slide&#8221; animation_direction=&#8221;bottom&#8221; border_radii_image=&#8221;on|228px|228px|228px|228px&#8221; locked=&#8221;off&#8221; global_colors_info=&#8221;{%22gcid-f8a81bcb-7a6c-4824-875d-1e4bcf05cdd1%22:%91%22body_link_text_color%22%93}&#8221; transform_styles__hover_enabled=&#8221;on|hover&#8221; transform_scale__hover_enabled=&#8221;on|desktop&#8221; transform_translate__hover_enabled=&#8221;on|hover&#8221; transform_rotate__hover_enabled=&#8221;on|desktop&#8221; transform_skew__hover_enabled=&#8221;on|desktop&#8221; transform_origin__hover_enabled=&#8221;on|desktop&#8221; transform_translate__hover=&#8221;0px|-14px&#8221;]<\/p>\n<p>SKY PARK<br \/>Tov\u00e1rensk\u00e1 12\/A<br \/>811 09 Bratislava<\/p>\n<p>[\/et_pb_blurb][\/et_pb_column][et_pb_column type=&#8221;1_3&#8243; _builder_version=&#8221;4.21.0&#8243; _module_preset=&#8221;default&#8221; global_colors_info=&#8221;{}&#8221;][et_pb_blurb title=&#8221;Opening Hours&#8221; use_icon=&#8221;on&#8221; font_icon=&#8221;&#xe06b;||divi||400&#8243; _builder_version=&#8221;4.27.0&#8243; _module_preset=&#8221;8ef8d280-f20f-406c-bc73-c07127787632&#8243; header_font=&#8221;Poppins|600||on|||||&#8221; header_text_color=&#8221;#000000&#8243; body_font=&#8221;Poppins||||||||&#8221; body_text_color=&#8221;#000000&#8243; body_link_text_color=&#8221;gcid-f8a81bcb-7a6c-4824-875d-1e4bcf05cdd1&#8243; image_icon_custom_padding=&#8221;7px|7px|7px|7px|true|true&#8221; transform_translate_linked__hover=&#8221;off&#8221; animation_style=&#8221;slide&#8221; animation_direction=&#8221;bottom&#8221; locked=&#8221;off&#8221; global_colors_info=&#8221;{%22gcid-f8a81bcb-7a6c-4824-875d-1e4bcf05cdd1%22:%91%22body_link_text_color%22%93}&#8221; transform_styles__hover_enabled=&#8221;on|hover&#8221; transform_scale__hover_enabled=&#8221;on|desktop&#8221; transform_translate__hover_enabled=&#8221;on|hover&#8221; transform_rotate__hover_enabled=&#8221;on|desktop&#8221; transform_skew__hover_enabled=&#8221;on|desktop&#8221; transform_origin__hover_enabled=&#8221;on|desktop&#8221; transform_translate__hover=&#8221;0px|-14px&#8221;]<\/p>\n<p><strong>Mon &#8211; Fri:<\/strong><br \/>10:00 &#8211; 22:00<br \/><strong>Sat &#8211; Sun:<\/strong><br \/>12:00 &#8211; 22:00<\/p>\n<p>[\/et_pb_blurb][\/et_pb_column][et_pb_column type=&#8221;1_3&#8243; _builder_version=&#8221;4.21.0&#8243; _module_preset=&#8221;default&#8221; global_colors_info=&#8221;{}&#8221;][et_pb_blurb title=&#8221;RECEPTION&#8221; url=&#8221;mailto:skypark@orangutan.studio&#8221; use_icon=&#8221;on&#8221; font_icon=&#8221;&#xf0f3;||fa||900&#8243; _builder_version=&#8221;4.27.0&#8243; _module_preset=&#8221;8ef8d280-f20f-406c-bc73-c07127787632&#8243; header_font=&#8221;Poppins|600||on|||||&#8221; header_text_color=&#8221;#000000&#8243; body_font=&#8221;Poppins||||||||&#8221; body_text_color=&#8221;#000000&#8243; body_link_text_color=&#8221;#000000&#8243; image_icon_custom_padding=&#8221;7px|7px|7px|7px|true|true&#8221; transform_translate_linked__hover=&#8221;off&#8221; animation_style=&#8221;slide&#8221; animation_direction=&#8221;bottom&#8221; locked=&#8221;off&#8221; global_colors_info=&#8221;{}&#8221; transform_styles__hover_enabled=&#8221;on|hover&#8221; transform_scale__hover_enabled=&#8221;on|desktop&#8221; transform_translate__hover_enabled=&#8221;on|hover&#8221; transform_rotate__hover_enabled=&#8221;on|desktop&#8221; transform_skew__hover_enabled=&#8221;on|desktop&#8221; transform_origin__hover_enabled=&#8221;on|desktop&#8221; transform_translate__hover=&#8221;0px|-14px&#8221;]<\/p>\n<p><span style=\"color: #fff;\"><a href=\"mailto:skypark@orangutan.studio\" style=\"color: #fff;\">skypark@orangutan.studio<\/a><\/span><span style=\"color: #fff;\"><a href=\"tel: +421948100100\" style=\"color: #fff;\"><br \/>+421 948 100 100 <\/a><\/span><\/p>\n<p>[\/et_pb_blurb][\/et_pb_column][\/et_pb_row][et_pb_row column_structure=&#8221;1_2,1_2&#8243; use_custom_gutter=&#8221;on&#8221; gutter_width=&#8221;2&#8243; custom_padding_last_edited=&#8221;on|phone&#8221; _builder_version=&#8221;4.26.0&#8243; _module_preset=&#8221;default&#8221; background_color=&#8221;rgba(255,255,255,0.88)&#8221; width_tablet=&#8221;90%&#8221; width_phone=&#8221;90%&#8221; width_last_edited=&#8221;on|phone&#8221; max_width=&#8221;1312px&#8221; custom_padding=&#8221;37px|25px|37px|25px|true|true&#8221; custom_padding_tablet=&#8221;37px|0px|37px|0px|true|true&#8221; custom_padding_phone=&#8221;2px|0px|37px|0px|false|true&#8221; global_colors_info=&#8221;{}&#8221;][et_pb_column type=&#8221;1_2&#8243; _builder_version=&#8221;4.26.0&#8243; _module_preset=&#8221;default&#8221; custom_padding=&#8221;34px||34px||true|false&#8221; global_colors_info=&#8221;{}&#8221;][et_pb_blurb title=&#8221;Write Us&#8221; url=&#8221;tel:+421000000000&#8243; use_icon=&#8221;on&#8221; font_icon=&#8221;&#xf039;||fa||900&#8243; image_icon_width=&#8221;19px&#8221; _builder_version=&#8221;4.27.0&#8243; _module_preset=&#8221;8ef8d280-f20f-406c-bc73-c07127787632&#8243; header_font=&#8221;Poppins|600||on|||||&#8221; header_text_color=&#8221;#000000&#8243; body_font=&#8221;Poppins||||||||&#8221; body_text_color=&#8221;#000000&#8243; body_link_text_color=&#8221;gcid-f8a81bcb-7a6c-4824-875d-1e4bcf05cdd1&#8243; image_icon_custom_padding=&#8221;8px|9px|8px|9px|true|true&#8221; transform_translate_linked__hover=&#8221;off&#8221; custom_padding=&#8221;||||false|false&#8221; animation_style=&#8221;slide&#8221; animation_direction=&#8221;bottom&#8221; border_radii_image=&#8221;on|228px|228px|228px|228px&#8221; locked=&#8221;off&#8221; global_colors_info=&#8221;{%22gcid-f8a81bcb-7a6c-4824-875d-1e4bcf05cdd1%22:%91%22body_link_text_color%22%93}&#8221; transform_styles__hover_enabled=&#8221;on|hover&#8221; transform_scale__hover_enabled=&#8221;on|desktop&#8221; transform_translate__hover_enabled=&#8221;on|hover&#8221; transform_rotate__hover_enabled=&#8221;on|desktop&#8221; transform_skew__hover_enabled=&#8221;on|desktop&#8221; transform_origin__hover_enabled=&#8221;on|desktop&#8221; transform_translate__hover=&#8221;0px|-14px&#8221;]<\/p>\n<p>We will contact you within 24 hours.<\/p>\n<p>[\/et_pb_blurb][et_pb_contact_form email=&#8221;skypark@orangutan.studio&#8221; custom_message=&#8221;Nov\u00e1 spr\u00e1va z kateg\u00f3rie KONTAKT:||et_pb_line_break_holder||||et_pb_line_break_holder||Meno: %%meno%%||et_pb_line_break_holder||Email: %%email%%||et_pb_line_break_holder||Mobil: %%mobil%%||et_pb_line_break_holder||Emailov\u00e1 spr\u00e1va: %%sprava%%||et_pb_line_break_holder||GDPR: %%gdpr%%&#8221; use_redirect=&#8221;on&#8221; redirect_url=&#8221;https:\/\/www.orangutan.studio\/en\/message-sent\/&#8221; success_message=&#8221;Sending &#8230;&#8221; submit_button_text=&#8221;SUBMIT&#8221; _builder_version=&#8221;4.27.0&#8243; _module_preset=&#8221;default&#8221; _unique_id=&#8221;da80e16a-1a91-43e3-9ee3-530e07fa026a&#8221; form_field_background_color=&#8221;#FFFFFF&#8221; form_field_text_color=&#8221;#000000&#8243; form_field_focus_background_color=&#8221;#ffffff&#8221; form_field_focus_text_color=&#8221;#000000&#8243; captcha_font_size=&#8221;17px&#8221; captcha_letter_spacing=&#8221;4px&#8221; custom_button=&#8221;on&#8221; button_text_size=&#8221;15px&#8221; button_text_color=&#8221;#000000&#8243; button_bg_color=&#8221;gcid-4ec0d9da-fa81-4f53-92b0-fdf0ad79d22e&#8221; button_border_width=&#8221;0px&#8221; button_border_radius=&#8221;0px&#8221; button_letter_spacing=&#8221;2px&#8221; button_font=&#8221;Poppins|||on|||||&#8221; animation_style=&#8221;slide&#8221; animation_direction=&#8221;bottom&#8221; animation_duration=&#8221;1400ms&#8221; hover_enabled=&#8221;0&#8243; border_width_all=&#8221;1px&#8221; border_color_all=&#8221;#171d4c&#8221; global_colors_info=&#8221;{%22gcid-4ec0d9da-fa81-4f53-92b0-fdf0ad79d22e%22:%91%22button_bg_color%22%93}&#8221; sticky_enabled=&#8221;0&#8243;][et_pb_contact_field field_id=&#8221;meno&#8221; field_title=&#8221;* Full Name&#8221; fullwidth_field=&#8221;on&#8221; _builder_version=&#8221;4.27.0&#8243; global_colors_info=&#8221;{}&#8221; button_text_size__hover_enabled=&#8221;off&#8221; button_one_text_size__hover_enabled=&#8221;off&#8221; button_two_text_size__hover_enabled=&#8221;off&#8221; button_text_color__hover_enabled=&#8221;off&#8221; button_one_text_color__hover_enabled=&#8221;off&#8221; button_two_text_color__hover_enabled=&#8221;off&#8221; button_border_width__hover_enabled=&#8221;off&#8221; button_one_border_width__hover_enabled=&#8221;off&#8221; button_two_border_width__hover_enabled=&#8221;off&#8221; button_border_color__hover_enabled=&#8221;off&#8221; button_one_border_color__hover_enabled=&#8221;off&#8221; button_two_border_color__hover_enabled=&#8221;off&#8221; button_border_radius__hover_enabled=&#8221;off&#8221; button_one_border_radius__hover_enabled=&#8221;off&#8221; button_two_border_radius__hover_enabled=&#8221;off&#8221; button_letter_spacing__hover_enabled=&#8221;off&#8221; button_one_letter_spacing__hover_enabled=&#8221;off&#8221; button_two_letter_spacing__hover_enabled=&#8221;off&#8221; button_bg_color__hover_enabled=&#8221;off&#8221; button_one_bg_color__hover_enabled=&#8221;off&#8221; button_two_bg_color__hover_enabled=&#8221;off&#8221;][\/et_pb_contact_field][et_pb_contact_field field_id=&#8221;mobil&#8221; field_title=&#8221;* Mobile&#8221; _builder_version=&#8221;4.27.0&#8243; global_colors_info=&#8221;{}&#8221; button_text_size__hover_enabled=&#8221;off&#8221; button_one_text_size__hover_enabled=&#8221;off&#8221; button_two_text_size__hover_enabled=&#8221;off&#8221; button_text_color__hover_enabled=&#8221;off&#8221; button_one_text_color__hover_enabled=&#8221;off&#8221; button_two_text_color__hover_enabled=&#8221;off&#8221; button_border_width__hover_enabled=&#8221;off&#8221; button_one_border_width__hover_enabled=&#8221;off&#8221; button_two_border_width__hover_enabled=&#8221;off&#8221; button_border_color__hover_enabled=&#8221;off&#8221; button_one_border_color__hover_enabled=&#8221;off&#8221; button_two_border_color__hover_enabled=&#8221;off&#8221; button_border_radius__hover_enabled=&#8221;off&#8221; button_one_border_radius__hover_enabled=&#8221;off&#8221; button_two_border_radius__hover_enabled=&#8221;off&#8221; button_letter_spacing__hover_enabled=&#8221;off&#8221; button_one_letter_spacing__hover_enabled=&#8221;off&#8221; button_two_letter_spacing__hover_enabled=&#8221;off&#8221; button_bg_color__hover_enabled=&#8221;off&#8221; button_one_bg_color__hover_enabled=&#8221;off&#8221; button_two_bg_color__hover_enabled=&#8221;off&#8221;][\/et_pb_contact_field][et_pb_contact_field field_id=&#8221;email&#8221; field_title=&#8221;* Email adress&#8221; field_type=&#8221;email&#8221; _builder_version=&#8221;4.27.0&#8243; global_colors_info=&#8221;{}&#8221; button_text_size__hover_enabled=&#8221;off&#8221; button_one_text_size__hover_enabled=&#8221;off&#8221; button_two_text_size__hover_enabled=&#8221;off&#8221; button_text_color__hover_enabled=&#8221;off&#8221; button_one_text_color__hover_enabled=&#8221;off&#8221; button_two_text_color__hover_enabled=&#8221;off&#8221; button_border_width__hover_enabled=&#8221;off&#8221; button_one_border_width__hover_enabled=&#8221;off&#8221; button_two_border_width__hover_enabled=&#8221;off&#8221; button_border_color__hover_enabled=&#8221;off&#8221; button_one_border_color__hover_enabled=&#8221;off&#8221; button_two_border_color__hover_enabled=&#8221;off&#8221; button_border_radius__hover_enabled=&#8221;off&#8221; button_one_border_radius__hover_enabled=&#8221;off&#8221; button_two_border_radius__hover_enabled=&#8221;off&#8221; button_letter_spacing__hover_enabled=&#8221;off&#8221; button_one_letter_spacing__hover_enabled=&#8221;off&#8221; button_two_letter_spacing__hover_enabled=&#8221;off&#8221; button_bg_color__hover_enabled=&#8221;off&#8221; button_one_bg_color__hover_enabled=&#8221;off&#8221; button_two_bg_color__hover_enabled=&#8221;off&#8221;][\/et_pb_contact_field][et_pb_contact_field field_id=&#8221;sprava&#8221; field_title=&#8221;Your Message &#8230;&#8221; field_type=&#8221;text&#8221; fullwidth_field=&#8221;on&#8221; _builder_version=&#8221;4.27.0&#8243; global_colors_info=&#8221;{}&#8221; button_text_size__hover_enabled=&#8221;off&#8221; button_one_text_size__hover_enabled=&#8221;off&#8221; button_two_text_size__hover_enabled=&#8221;off&#8221; button_text_color__hover_enabled=&#8221;off&#8221; button_one_text_color__hover_enabled=&#8221;off&#8221; button_two_text_color__hover_enabled=&#8221;off&#8221; button_border_width__hover_enabled=&#8221;off&#8221; button_one_border_width__hover_enabled=&#8221;off&#8221; button_two_border_width__hover_enabled=&#8221;off&#8221; button_border_color__hover_enabled=&#8221;off&#8221; button_one_border_color__hover_enabled=&#8221;off&#8221; button_two_border_color__hover_enabled=&#8221;off&#8221; button_border_radius__hover_enabled=&#8221;off&#8221; button_one_border_radius__hover_enabled=&#8221;off&#8221; button_two_border_radius__hover_enabled=&#8221;off&#8221; button_letter_spacing__hover_enabled=&#8221;off&#8221; button_one_letter_spacing__hover_enabled=&#8221;off&#8221; button_two_letter_spacing__hover_enabled=&#8221;off&#8221; button_bg_color__hover_enabled=&#8221;off&#8221; button_one_bg_color__hover_enabled=&#8221;off&#8221; button_two_bg_color__hover_enabled=&#8221;off&#8221;][\/et_pb_contact_field][et_pb_contact_field field_id=&#8221;gdpr&#8221; field_title=&#8221; &#8221; field_type=&#8221;checkbox&#8221; checkbox_options=&#8221;%91{%22value%22:%22* I agree to the processing of personal data%22,%22checked%22:0,%22dragID%22:-1,%22link_url%22:%22https:\/\/www.orangutan.studio\/en\/ochrana-sukromia\/%22}%93&#8243; fullwidth_field=&#8221;on&#8221; _builder_version=&#8221;4.27.0&#8243; _module_preset=&#8221;default&#8221; global_colors_info=&#8221;{}&#8221;][\/et_pb_contact_field][\/et_pb_contact_form][\/et_pb_column][et_pb_column type=&#8221;1_2&#8243; _builder_version=&#8221;4.26.0&#8243; _module_preset=&#8221;default&#8221; background_color=&#8221;gcid-de9956a2-6f87-4eef-aa5a-6b4c9ecf1cc9&#8243; custom_padding=&#8221;34px|32px|34px|32px|true|true&#8221; box_shadow_style=&#8221;preset1&#8243; box_shadow_spread=&#8221;-2px&#8221; box_shadow_color=&#8221;rgba(0,0,0,0.29)&#8221; global_colors_info=&#8221;{%22gcid-de9956a2-6f87-4eef-aa5a-6b4c9ecf1cc9%22:%91%22background_color%22%93}&#8221;][et_pb_blurb title=&#8221;Visit Us&#8221; url=&#8221;tel:+421000000000&#8243; use_icon=&#8221;on&#8221; font_icon=&#8221;&#xf3c5;||fa||900&#8243; icon_color=&#8221;#FFFFFF&#8221; image_icon_width=&#8221;20px&#8221; _builder_version=&#8221;4.27.0&#8243; _module_preset=&#8221;8ef8d280-f20f-406c-bc73-c07127787632&#8243; header_font=&#8221;Poppins|600||on|||||&#8221; header_text_color=&#8221;#FFFFFF&#8221; body_font=&#8221;Poppins||||||||&#8221; body_text_color=&#8221;#FFFFFF&#8221; body_link_text_color=&#8221;gcid-f8a81bcb-7a6c-4824-875d-1e4bcf05cdd1&#8243; image_icon_custom_padding=&#8221;8px|10px|8px|10px|true|true&#8221; transform_translate_linked__hover=&#8221;off&#8221; custom_padding=&#8221;||||false|false&#8221; animation_style=&#8221;slide&#8221; animation_direction=&#8221;bottom&#8221; border_radii_image=&#8221;on|228px|228px|228px|228px&#8221; border_color_all_image=&#8221;#FFFFFF&#8221; locked=&#8221;off&#8221; global_colors_info=&#8221;{%22gcid-f8a81bcb-7a6c-4824-875d-1e4bcf05cdd1%22:%91%22body_link_text_color%22%93}&#8221; transform_styles__hover_enabled=&#8221;on|hover&#8221; transform_scale__hover_enabled=&#8221;on|desktop&#8221; transform_translate__hover_enabled=&#8221;on|hover&#8221; transform_rotate__hover_enabled=&#8221;on|desktop&#8221; transform_skew__hover_enabled=&#8221;on|desktop&#8221; transform_origin__hover_enabled=&#8221;on|desktop&#8221; transform_translate__hover=&#8221;0px|-14px&#8221;]<\/p>\n<p>SKY PARK,\u00a0 Bratislava<\/p>\n<p>[\/et_pb_blurb][et_pb_code _builder_version=&#8221;4.26.0&#8243; _module_preset=&#8221;default&#8221; animation_style=&#8221;slide&#8221; animation_direction=&#8221;bottom&#8221; global_colors_info=&#8221;{}&#8221;]<iframe src=\"https:\/\/www.google.com\/maps\/embed?pb=!1m18!1m12!1m3!1d2662.2460768107944!2d17.123684311866594!3d48.144060950589996!2m3!1f0!2f0!3f0!3m2!1i1024!2i768!4f13.1!3m3!1m2!1s0x476c89f62b1c9803%3A0x91fa696f76fd562a!2sSky%20Park%20Bratislava!5e0!3m2!1ssk!2ssk!4v1702980431769!5m2!1ssk!2ssk\" width=\"750\" height=\"400\" style=\"border:0;\" allowfullscreen=\"\" loading=\"lazy\" referrerpolicy=\"no-referrer-when-downgrade\"><\/iframe>[\/et_pb_code][\/et_pb_column][\/et_pb_row][\/et_pb_section]<\/p>\n","protected":false},"excerpt":{"rendered":"<p>Contact UsSKY PARKTov\u00e1rensk\u00e1 12\/A811 09 BratislavaMon &#8211; Fri:10:00 &#8211; 22:00Sat &#8211; Sun:12:00 &#8211; 22:00skypark@orangutan.studio+421 948 100 100 We will contact you within 24 hours.SKY PARK,\u00a0 Bratislava<\/p>\n","protected":false},"author":1,"featured_media":0,"parent":0,"menu_order":0,"comment_status":"closed","ping_status":"closed","template":"","meta":{"_et_pb_use_builder":"on","_et_pb_old_content":"<!-- wp:divi\/placeholder \/-->","_et_gb_content_width":"","_monsterinsights_skip_tracking":false,"_monsterinsights_sitenote_active":false,"_monsterinsights_sitenote_note":"","_monsterinsights_sitenote_category":0,"footnotes":""},"yoast_head":"<!-- This site is optimized with the Yoast SEO plugin v23.1 - https:\/\/yoast.com\/wordpress\/plugins\/seo\/ -->\n<title>Contact - Orangutan<\/title>\n<meta name=\"robots\" content=\"index, follow, max-snippet:-1, max-image-preview:large, max-video-preview:-1\" \/>\n<link rel=\"canonical\" href=\"https:\/\/www.orangutan.studio\/en\/contact\/\" \/>\n<meta property=\"og:locale\" content=\"en_US\" \/>\n<meta property=\"og:type\" content=\"article\" \/>\n<meta property=\"og:title\" content=\"Contact - Orangutan\" \/>\n<meta property=\"og:description\" content=\"Contact UsSKY PARKTov\u00e1rensk\u00e1 12\/A811 09 BratislavaMon - Fri:10:00 - 22:00Sat - Sun:12:00 - 22:00skypark@orangutan.studio+421 948 100 100 We will contact you within 24 hours.SKY PARK,\u00a0 Bratislava\" \/>\n<meta property=\"og:url\" content=\"https:\/\/www.orangutan.studio\/en\/contact\/\" \/>\n<meta property=\"og:site_name\" content=\"Orangutan\" \/>\n<meta property=\"article:modified_time\" content=\"2024-09-20T13:02:54+00:00\" \/>\n<meta name=\"twitter:card\" content=\"summary_large_image\" \/>\n<meta name=\"twitter:label1\" content=\"Est. reading time\" \/>\n\t<meta name=\"twitter:data1\" content=\"1 minute\" \/>\n<script type=\"application\/ld+json\" class=\"yoast-schema-graph\">{\"@context\":\"https:\/\/schema.org\",\"@graph\":[{\"@type\":\"WebPage\",\"@id\":\"https:\/\/www.orangutan.studio\/en\/contact\/\",\"url\":\"https:\/\/www.orangutan.studio\/en\/contact\/\",\"name\":\"Contact - Orangutan\",\"isPartOf\":{\"@id\":\"https:\/\/www.orangutan.studio\/en\/#website\"},\"datePublished\":\"2023-11-03T09:23:13+00:00\",\"dateModified\":\"2024-09-20T13:02:54+00:00\",\"breadcrumb\":{\"@id\":\"https:\/\/www.orangutan.studio\/en\/contact\/#breadcrumb\"},\"inLanguage\":\"en-US\",\"potentialAction\":[{\"@type\":\"ReadAction\",\"target\":[\"https:\/\/www.orangutan.studio\/en\/contact\/\"]}]},{\"@type\":\"BreadcrumbList\",\"@id\":\"https:\/\/www.orangutan.studio\/en\/contact\/#breadcrumb\",\"itemListElement\":[{\"@type\":\"ListItem\",\"position\":1,\"name\":\"Home\",\"item\":\"https:\/\/www.orangutan.studio\/en\/\"},{\"@type\":\"ListItem\",\"position\":2,\"name\":\"Contact\"}]},{\"@type\":\"WebSite\",\"@id\":\"https:\/\/www.orangutan.studio\/en\/#website\",\"url\":\"https:\/\/www.orangutan.studio\/en\/\",\"name\":\"Orangutan\",\"description\":\"\",\"potentialAction\":[{\"@type\":\"SearchAction\",\"target\":{\"@type\":\"EntryPoint\",\"urlTemplate\":\"https:\/\/www.orangutan.studio\/en\/?s={search_term_string}\"},\"query-input\":\"required name=search_term_string\"}],\"inLanguage\":\"en-US\"}]}<\/script>\n<!-- \/ Yoast SEO plugin. -->","yoast_head_json":{"title":"Contact - Orangutan","robots":{"index":"index","follow":"follow","max-snippet":"max-snippet:-1","max-image-preview":"max-image-preview:large","max-video-preview":"max-video-preview:-1"},"canonical":"https:\/\/www.orangutan.studio\/en\/contact\/","og_locale":"en_US","og_type":"article","og_title":"Contact - Orangutan","og_description":"Contact UsSKY PARKTov\u00e1rensk\u00e1 12\/A811 09 BratislavaMon - Fri:10:00 - 22:00Sat - Sun:12:00 - 22:00skypark@orangutan.studio+421 948 100 100 We will contact you within 24 hours.SKY PARK,\u00a0 Bratislava","og_url":"https:\/\/www.orangutan.studio\/en\/contact\/","og_site_name":"Orangutan","article_modified_time":"2024-09-20T13:02:54+00:00","twitter_card":"summary_large_image","twitter_misc":{"Est. reading time":"1 minute"},"schema":{"@context":"https:\/\/schema.org","@graph":[{"@type":"WebPage","@id":"https:\/\/www.orangutan.studio\/en\/contact\/","url":"https:\/\/www.orangutan.studio\/en\/contact\/","name":"Contact - Orangutan","isPartOf":{"@id":"https:\/\/www.orangutan.studio\/en\/#website"},"datePublished":"2023-11-03T09:23:13+00:00","dateModified":"2024-09-20T13:02:54+00:00","breadcrumb":{"@id":"https:\/\/www.orangutan.studio\/en\/contact\/#breadcrumb"},"inLanguage":"en-US","potentialAction":[{"@type":"ReadAction","target":["https:\/\/www.orangutan.studio\/en\/contact\/"]}]},{"@type":"BreadcrumbList","@id":"https:\/\/www.orangutan.studio\/en\/contact\/#breadcrumb","itemListElement":[{"@type":"ListItem","position":1,"name":"Home","item":"https:\/\/www.orangutan.studio\/en\/"},{"@type":"ListItem","position":2,"name":"Contact"}]},{"@type":"WebSite","@id":"https:\/\/www.orangutan.studio\/en\/#website","url":"https:\/\/www.orangutan.studio\/en\/","name":"Orangutan","description":"","potentialAction":[{"@type":"SearchAction","target":{"@type":"EntryPoint","urlTemplate":"https:\/\/www.orangutan.studio\/en\/?s={search_term_string}"},"query-input":"required name=search_term_string"}],"inLanguage":"en-US"}]}},"_links":{"self":[{"href":"https:\/\/www.orangutan.studio\/en\/wp-json\/wp\/v2\/pages\/987509668"}],"collection":[{"href":"https:\/\/www.orangutan.studio\/en\/wp-json\/wp\/v2\/pages"}],"about":[{"href":"https:\/\/www.orangutan.studio\/en\/wp-json\/wp\/v2\/types\/page"}],"author":[{"embeddable":true,"href":"https:\/\/www.orangutan.studio\/en\/wp-json\/wp\/v2\/users\/1"}],"replies":[{"embeddable":true,"href":"https:\/\/www.orangutan.studio\/en\/wp-json\/wp\/v2\/comments?post=987509668"}],"version-history":[{"count":6,"href":"https:\/\/www.orangutan.studio\/en\/wp-json\/wp\/v2\/pages\/987509668\/revisions"}],"predecessor-version":[{"id":987514617,"href":"https:\/\/www.orangutan.studio\/en\/wp-json\/wp\/v2\/pages\/987509668\/revisions\/987514617"}],"wp:attachment":[{"href":"https:\/\/www.orangutan.studio\/en\/wp-json\/wp\/v2\/media?parent=987509668"}],"curies":[{"name":"wp","href":"https:\/\/api.w.org\/{rel}","templated":true}]}}